{"id":1310,"date":"2024-01-24T12:16:12","date_gmt":"2024-01-24T11:16:12","guid":{"rendered":"https:\/\/yarapuertoportals.com\/web2024\/cookies\/"},"modified":"2026-03-20T20:13:32","modified_gmt":"2026-03-20T19:13:32","slug":"cookies","status":"publish","type":"page","link":"https:\/\/yarapuertoportals.com\/es\/cookies\/","title":{"rendered":"Cookies"},"content":{"rendered":"","protected":false},"excerpt":{"rendered":"","protected":false},"author":1,"featured_media":0,"parent":0,"menu_order":8,"comment_status":"closed","ping_status":"closed","template":"","meta":{"footnotes":""},"class_list":["post-1310","page","type-page","status-publish","hentry"],"yoast_head":"<!-- This site is optimized with the Yoast SEO plugin v27.2 - https:\/\/yoast.com\/product\/yoast-seo-wordpress\/ -->\n<title>Pol\u00edtica de Cookies | YARA<\/title>\n<meta name=\"description\" content=\"Descubre c\u00f3mo YARA utiliza las cookies para mejorar tu experiencia de navegaci\u00f3n. Nos comprometemos con tu privacidad.\" \/>\n<meta name=\"robots\" content=\"index, follow, max-snippet:-1, max-image-preview:large, max-video-preview:-1\" \/>\n<link rel=\"canonical\" href=\"https:\/\/yarapuertoportals.com\/es\/cookies\/\" \/>\n<meta property=\"og:locale\" content=\"es_ES\" \/>\n<meta property=\"og:type\" content=\"article\" \/>\n<meta property=\"og:title\" content=\"Pol\u00edtica de Cookies | YARA\" \/>\n<meta property=\"og:description\" content=\"Descubre c\u00f3mo YARA utiliza las cookies para mejorar tu experiencia de navegaci\u00f3n. Nos comprometemos con tu privacidad.\" \/>\n<meta property=\"og:url\" content=\"https:\/\/yarapuertoportals.com\/es\/cookies\/\" \/>\n<meta property=\"og:site_name\" content=\"YARA\" \/>\n<meta property=\"article:modified_time\" content=\"2026-03-20T19:13:32+00:00\" \/>\n<meta name=\"twitter:card\" content=\"summary_large_image\" \/>\n<script type=\"application\/ld+json\" class=\"yoast-schema-graph\">{\"@context\":\"https:\/\/schema.org\",\"@graph\":[{\"@type\":\"WebPage\",\"@id\":\"https:\/\/yarapuertoportals.com\/es\/cookies\/\",\"url\":\"https:\/\/yarapuertoportals.com\/es\/cookies\/\",\"name\":\"Pol\u00edtica de Cookies | YARA\",\"isPartOf\":{\"@id\":\"https:\/\/yarapuertoportals.com\/#website\"},\"datePublished\":\"2024-01-24T11:16:12+00:00\",\"dateModified\":\"2026-03-20T19:13:32+00:00\",\"description\":\"Descubre c\u00f3mo YARA utiliza las cookies para mejorar tu experiencia de navegaci\u00f3n. Nos comprometemos con tu privacidad.\",\"breadcrumb\":{\"@id\":\"https:\/\/yarapuertoportals.com\/es\/cookies\/#breadcrumb\"},\"inLanguage\":\"es\",\"potentialAction\":[{\"@type\":\"ReadAction\",\"target\":[\"https:\/\/yarapuertoportals.com\/es\/cookies\/\"]}]},{\"@type\":\"BreadcrumbList\",\"@id\":\"https:\/\/yarapuertoportals.com\/es\/cookies\/#breadcrumb\",\"itemListElement\":[{\"@type\":\"ListItem\",\"position\":1,\"name\":\"Home\",\"item\":\"https:\/\/yarapuertoportals.com\/es\/\"},{\"@type\":\"ListItem\",\"position\":2,\"name\":\"Cookies\"}]},{\"@type\":\"WebSite\",\"@id\":\"https:\/\/yarapuertoportals.com\/#website\",\"url\":\"https:\/\/yarapuertoportals.com\/\",\"name\":\"YARA\",\"description\":\"\",\"potentialAction\":[{\"@type\":\"SearchAction\",\"target\":{\"@type\":\"EntryPoint\",\"urlTemplate\":\"https:\/\/yarapuertoportals.com\/?s={search_term_string}\"},\"query-input\":{\"@type\":\"PropertyValueSpecification\",\"valueRequired\":true,\"valueName\":\"search_term_string\"}}],\"inLanguage\":\"es\"}]}<\/script>\n<!-- \/ Yoast SEO plugin. -->","yoast_head_json":{"title":"Pol\u00edtica de Cookies | YARA","description":"Descubre c\u00f3mo YARA utiliza las cookies para mejorar tu experiencia de navegaci\u00f3n. Nos comprometemos con tu privacidad.","robots":{"index":"index","follow":"follow","max-snippet":"max-snippet:-1","max-image-preview":"max-image-preview:large","max-video-preview":"max-video-preview:-1"},"canonical":"https:\/\/yarapuertoportals.com\/es\/cookies\/","og_locale":"es_ES","og_type":"article","og_title":"Pol\u00edtica de Cookies | YARA","og_description":"Descubre c\u00f3mo YARA utiliza las cookies para mejorar tu experiencia de navegaci\u00f3n. Nos comprometemos con tu privacidad.","og_url":"https:\/\/yarapuertoportals.com\/es\/cookies\/","og_site_name":"YARA","article_modified_time":"2026-03-20T19:13:32+00:00","twitter_card":"summary_large_image","schema":{"@context":"https:\/\/schema.org","@graph":[{"@type":"WebPage","@id":"https:\/\/yarapuertoportals.com\/es\/cookies\/","url":"https:\/\/yarapuertoportals.com\/es\/cookies\/","name":"Pol\u00edtica de Cookies | YARA","isPartOf":{"@id":"https:\/\/yarapuertoportals.com\/#website"},"datePublished":"2024-01-24T11:16:12+00:00","dateModified":"2026-03-20T19:13:32+00:00","description":"Descubre c\u00f3mo YARA utiliza las cookies para mejorar tu experiencia de navegaci\u00f3n. Nos comprometemos con tu privacidad.","breadcrumb":{"@id":"https:\/\/yarapuertoportals.com\/es\/cookies\/#breadcrumb"},"inLanguage":"es","potentialAction":[{"@type":"ReadAction","target":["https:\/\/yarapuertoportals.com\/es\/cookies\/"]}]},{"@type":"BreadcrumbList","@id":"https:\/\/yarapuertoportals.com\/es\/cookies\/#breadcrumb","itemListElement":[{"@type":"ListItem","position":1,"name":"Home","item":"https:\/\/yarapuertoportals.com\/es\/"},{"@type":"ListItem","position":2,"name":"Cookies"}]},{"@type":"WebSite","@id":"https:\/\/yarapuertoportals.com\/#website","url":"https:\/\/yarapuertoportals.com\/","name":"YARA","description":"","potentialAction":[{"@type":"SearchAction","target":{"@type":"EntryPoint","urlTemplate":"https:\/\/yarapuertoportals.com\/?s={search_term_string}"},"query-input":{"@type":"PropertyValueSpecification","valueRequired":true,"valueName":"search_term_string"}}],"inLanguage":"es"}]}},"_links":{"self":[{"href":"https:\/\/yarapuertoportals.com\/es\/wp-json\/wp\/v2\/pages\/1310","targetHints":{"allow":["GET"]}}],"collection":[{"href":"https:\/\/yarapuertoportals.com\/es\/wp-json\/wp\/v2\/pages"}],"about":[{"href":"https:\/\/yarapuertoportals.com\/es\/wp-json\/wp\/v2\/types\/page"}],"author":[{"embeddable":true,"href":"https:\/\/yarapuertoportals.com\/es\/wp-json\/wp\/v2\/users\/1"}],"replies":[{"embeddable":true,"href":"https:\/\/yarapuertoportals.com\/es\/wp-json\/wp\/v2\/comments?post=1310"}],"version-history":[{"count":4,"href":"https:\/\/yarapuertoportals.com\/es\/wp-json\/wp\/v2\/pages\/1310\/revisions"}],"predecessor-version":[{"id":4450,"href":"https:\/\/yarapuertoportals.com\/es\/wp-json\/wp\/v2\/pages\/1310\/revisions\/4450"}],"wp:attachment":[{"href":"https:\/\/yarapuertoportals.com\/es\/wp-json\/wp\/v2\/media?parent=1310"}],"curies":[{"name":"wp","href":"https:\/\/api.w.org\/{rel}","templated":true}]}}