{"id":1328,"date":"2024-01-24T09:17:56","date_gmt":"2024-01-24T08:17:56","guid":{"rendered":"https:\/\/yarapuertoportals.com\/web2024\/menus\/"},"modified":"2026-04-09T16:20:14","modified_gmt":"2026-04-09T15:20:14","slug":"menus","status":"publish","type":"page","link":"https:\/\/yarapuertoportals.com\/de\/menus\/","title":{"rendered":"Men\u00fcs"},"content":{"rendered":"","protected":false},"excerpt":{"rendered":"","protected":false},"author":1,"featured_media":0,"parent":0,"menu_order":17,"comment_status":"closed","ping_status":"closed","template":"","meta":{"_yoast_wpseo_title":"Degustationsmen\u00fcs in Puerto Portals | YARA","_yoast_wpseo_metadesc":"YARA-Men\u00fc, Chefmen\u00fc und Vegetarisches Men\u00fc in Puerto Portals. Robata-Grill, Sushi-Theke und saisonale lokale Zutaten. Jetzt buchen!","_bricks_editor_mode":"bricks","_bricks_page_content_2":null,"_bricks_page_header_2":[],"_bricks_page_footer_2":[],"footnotes":""},"class_list":["post-1328","page","type-page","status-publish","hentry"],"yoast_head":"<!-- This site is optimized with the Yoast SEO plugin v27.2 - https:\/\/yoast.com\/product\/yoast-seo-wordpress\/ -->\n<title>Degustationsmen\u00fcs in Puerto Portals | YARA<\/title>\n<meta name=\"description\" content=\"YARA-Men\u00fc, Chefmen\u00fc und Vegetarisches Men\u00fc in Puerto Portals. Robata-Grill, Sushi-Theke und saisonale lokale Zutaten. Jetzt buchen!\" \/>\n<meta name=\"robots\" content=\"index, follow, max-snippet:-1, max-image-preview:large, max-video-preview:-1\" \/>\n<link rel=\"canonical\" href=\"https:\/\/yarapuertoportals.com\/de\/menus\/\" \/>\n<meta property=\"og:locale\" content=\"de_DE\" \/>\n<meta property=\"og:type\" content=\"article\" \/>\n<meta property=\"og:title\" content=\"Degustationsmen\u00fcs in Puerto Portals | YARA\" \/>\n<meta property=\"og:description\" content=\"YARA-Men\u00fc, Chefmen\u00fc und Vegetarisches Men\u00fc in Puerto Portals. Robata-Grill, Sushi-Theke und saisonale lokale Zutaten. Jetzt buchen!\" \/>\n<meta property=\"og:url\" content=\"https:\/\/yarapuertoportals.com\/de\/menus\/\" \/>\n<meta property=\"og:site_name\" content=\"YARA\" \/>\n<meta property=\"article:modified_time\" content=\"2026-04-09T15:20:14+00:00\" \/>\n<meta name=\"twitter:card\" content=\"summary_large_image\" \/>\n<script type=\"application\/ld+json\" class=\"yoast-schema-graph\">{\"@context\":\"https:\/\/schema.org\",\"@graph\":[{\"@type\":\"WebPage\",\"@id\":\"https:\/\/yarapuertoportals.com\/de\/menus\/\",\"url\":\"https:\/\/yarapuertoportals.com\/de\/menus\/\",\"name\":\"Degustationsmen\u00fcs in Puerto Portals | YARA\",\"isPartOf\":{\"@id\":\"https:\/\/yarapuertoportals.com\/#website\"},\"datePublished\":\"2024-01-24T08:17:56+00:00\",\"dateModified\":\"2026-04-09T15:20:14+00:00\",\"description\":\"YARA-Men\u00fc, Chefmen\u00fc und Vegetarisches Men\u00fc in Puerto Portals. Robata-Grill, Sushi-Theke und saisonale lokale Zutaten. Jetzt buchen!\",\"breadcrumb\":{\"@id\":\"https:\/\/yarapuertoportals.com\/de\/menus\/#breadcrumb\"},\"inLanguage\":\"de\",\"potentialAction\":[{\"@type\":\"ReadAction\",\"target\":[\"https:\/\/yarapuertoportals.com\/de\/menus\/\"]}]},{\"@type\":\"BreadcrumbList\",\"@id\":\"https:\/\/yarapuertoportals.com\/de\/menus\/#breadcrumb\",\"itemListElement\":[{\"@type\":\"ListItem\",\"position\":1,\"name\":\"Home\",\"item\":\"https:\/\/yarapuertoportals.com\/de\/\"},{\"@type\":\"ListItem\",\"position\":2,\"name\":\"Men\u00fcs\"}]},{\"@type\":\"WebSite\",\"@id\":\"https:\/\/yarapuertoportals.com\/#website\",\"url\":\"https:\/\/yarapuertoportals.com\/\",\"name\":\"YARA\",\"description\":\"\",\"potentialAction\":[{\"@type\":\"SearchAction\",\"target\":{\"@type\":\"EntryPoint\",\"urlTemplate\":\"https:\/\/yarapuertoportals.com\/?s={search_term_string}\"},\"query-input\":{\"@type\":\"PropertyValueSpecification\",\"valueRequired\":true,\"valueName\":\"search_term_string\"}}],\"inLanguage\":\"de\"}]}<\/script>\n<!-- \/ Yoast SEO plugin. -->","yoast_head_json":{"title":"Degustationsmen\u00fcs in Puerto Portals | YARA","description":"YARA-Men\u00fc, Chefmen\u00fc und Vegetarisches Men\u00fc in Puerto Portals. Robata-Grill, Sushi-Theke und saisonale lokale Zutaten. Jetzt buchen!","robots":{"index":"index","follow":"follow","max-snippet":"max-snippet:-1","max-image-preview":"max-image-preview:large","max-video-preview":"max-video-preview:-1"},"canonical":"https:\/\/yarapuertoportals.com\/de\/menus\/","og_locale":"de_DE","og_type":"article","og_title":"Degustationsmen\u00fcs in Puerto Portals | YARA","og_description":"YARA-Men\u00fc, Chefmen\u00fc und Vegetarisches Men\u00fc in Puerto Portals. Robata-Grill, Sushi-Theke und saisonale lokale Zutaten. Jetzt buchen!","og_url":"https:\/\/yarapuertoportals.com\/de\/menus\/","og_site_name":"YARA","article_modified_time":"2026-04-09T15:20:14+00:00","twitter_card":"summary_large_image","schema":{"@context":"https:\/\/schema.org","@graph":[{"@type":"WebPage","@id":"https:\/\/yarapuertoportals.com\/de\/menus\/","url":"https:\/\/yarapuertoportals.com\/de\/menus\/","name":"Degustationsmen\u00fcs in Puerto Portals | YARA","isPartOf":{"@id":"https:\/\/yarapuertoportals.com\/#website"},"datePublished":"2024-01-24T08:17:56+00:00","dateModified":"2026-04-09T15:20:14+00:00","description":"YARA-Men\u00fc, Chefmen\u00fc und Vegetarisches Men\u00fc in Puerto Portals. Robata-Grill, Sushi-Theke und saisonale lokale Zutaten. Jetzt buchen!","breadcrumb":{"@id":"https:\/\/yarapuertoportals.com\/de\/menus\/#breadcrumb"},"inLanguage":"de","potentialAction":[{"@type":"ReadAction","target":["https:\/\/yarapuertoportals.com\/de\/menus\/"]}]},{"@type":"BreadcrumbList","@id":"https:\/\/yarapuertoportals.com\/de\/menus\/#breadcrumb","itemListElement":[{"@type":"ListItem","position":1,"name":"Home","item":"https:\/\/yarapuertoportals.com\/de\/"},{"@type":"ListItem","position":2,"name":"Men\u00fcs"}]},{"@type":"WebSite","@id":"https:\/\/yarapuertoportals.com\/#website","url":"https:\/\/yarapuertoportals.com\/","name":"YARA","description":"","potentialAction":[{"@type":"SearchAction","target":{"@type":"EntryPoint","urlTemplate":"https:\/\/yarapuertoportals.com\/?s={search_term_string}"},"query-input":{"@type":"PropertyValueSpecification","valueRequired":true,"valueName":"search_term_string"}}],"inLanguage":"de"}]}},"_links":{"self":[{"href":"https:\/\/yarapuertoportals.com\/de\/wp-json\/wp\/v2\/pages\/1328","targetHints":{"allow":["GET"]}}],"collection":[{"href":"https:\/\/yarapuertoportals.com\/de\/wp-json\/wp\/v2\/pages"}],"about":[{"href":"https:\/\/yarapuertoportals.com\/de\/wp-json\/wp\/v2\/types\/page"}],"author":[{"embeddable":true,"href":"https:\/\/yarapuertoportals.com\/de\/wp-json\/wp\/v2\/users\/1"}],"replies":[{"embeddable":true,"href":"https:\/\/yarapuertoportals.com\/de\/wp-json\/wp\/v2\/comments?post=1328"}],"version-history":[{"count":100,"href":"https:\/\/yarapuertoportals.com\/de\/wp-json\/wp\/v2\/pages\/1328\/revisions"}],"predecessor-version":[{"id":4753,"href":"https:\/\/yarapuertoportals.com\/de\/wp-json\/wp\/v2\/pages\/1328\/revisions\/4753"}],"wp:attachment":[{"href":"https:\/\/yarapuertoportals.com\/de\/wp-json\/wp\/v2\/media?parent=1328"}],"curies":[{"name":"wp","href":"https:\/\/api.w.org\/{rel}","templated":true}]}}